{"id":4501,"date":"2020-01-09T16:05:07","date_gmt":"2020-01-09T15:05:07","guid":{"rendered":"https:\/\/www.busse-patentanwaelte.de\/data-privacy\/"},"modified":"2023-08-30T15:19:25","modified_gmt":"2023-08-30T13:19:25","slug":"data-privacy","status":"publish","type":"page","link":"https:\/\/www.busse-patentanwaelte.de\/en\/data-privacy\/","title":{"rendered":"Data privacy"},"content":{"rendered":"<p><div class=\"fusion-fullwidth fullwidth-box fusion-builder-row-1 nonhundred-percent-fullwidth non-hundred-percent-height-scrolling\" style=\"--awb-border-radius-top-left:0px;--awb-border-radius-top-right:0px;--awb-border-radius-bottom-right:0px;--awb-border-radius-bottom-left:0px;--awb-flex-wrap:wrap;\" ><div class=\"fusion-builder-row fusion-row\"><div class=\"fusion-layout-column fusion_builder_column fusion-builder-column-0 fusion_builder_column_1_1 1_1 fusion-one-full fusion-column-first fusion-column-last\" style=\"--awb-bg-size:cover;\"><div class=\"fusion-column-wrapper fusion-column-has-shadow fusion-flex-column-wrapper-legacy\"><div class=\"fusion-alert alert error alert-danger fusion-alert-center fusion-alert-capitalize awb-alert-native-link-color alert-dismissable awb-alert-close-boxed\" role=\"alert\"><div class=\"fusion-alert-content-wrapper\"><span class=\"alert-icon\"><i class=\"awb-icon-exclamation-triangle\" aria-hidden=\"true\"><\/i><\/span><span class=\"fusion-alert-content\">Incorrect slider name. Please make sure to use a valid slider slug.<\/span><\/div><button type=\"button\" class=\"close toggle-alert\" data-dismiss=\"alert\" aria-label=\"Close\">&times;<\/button><\/div><div class=\"fusion-clearfix\"><\/div><\/div><\/div><\/div><\/div><div class=\"fusion-fullwidth fullwidth-box fusion-builder-row-2 nonhundred-percent-fullwidth non-hundred-percent-height-scrolling\" style=\"--awb-border-radius-top-left:0px;--awb-border-radius-top-right:0px;--awb-border-radius-bottom-right:0px;--awb-border-radius-bottom-left:0px;--awb-margin-top:30px;--awb-margin-bottom:30px;--awb-flex-wrap:wrap;\" ><div class=\"fusion-builder-row fusion-row\"><div class=\"fusion-layout-column fusion_builder_column fusion-builder-column-1 fusion_builder_column_1_1 1_1 fusion-one-full fusion-column-first fusion-column-last\" style=\"--awb-bg-size:cover;\"><div class=\"fusion-column-wrapper fusion-column-has-shadow fusion-flex-column-wrapper-legacy\"><div class=\"fusion-title title fusion-title-1 fusion-title-center fusion-title-text fusion-title-size-one\" style=\"--awb-margin-top:30px;\"><div class=\"title-sep-container title-sep-container-left\"><div class=\"title-sep sep- sep-solid\" style=\"border-color:#e2e2e2;\"><\/div><\/div><span class=\"awb-title-spacer\"><\/span><h1 class=\"fusion-title-heading title-heading-center\" style=\"margin:0;\">Datenschutzerkl\u00e4rung<\/h1><span class=\"awb-title-spacer\"><\/span><div class=\"title-sep-container title-sep-container-right\"><div class=\"title-sep sep- sep-solid\" style=\"border-color:#e2e2e2;\"><\/div><\/div><\/div><div class=\"fusion-clearfix\"><\/div><\/div><\/div><div class=\"fusion-layout-column fusion_builder_column fusion-builder-column-2 fusion_builder_column_1_2 1_2 fusion-one-half fusion-column-first\" style=\"--awb-bg-size:cover;width:50%;width:calc(50% - ( ( 4% ) * 0.5 ) );margin-right: 4%;\"><div class=\"fusion-column-wrapper fusion-column-has-shadow fusion-flex-column-wrapper-legacy\"><div class=\"fusion-text fusion-text-1\"><h4><strong>European General Data Protection Regulation\u00a0<\/strong><strong> (<\/strong><strong>EU GDPR<\/strong><strong>)<\/strong><\/h4>\n<\/div><div class=\"fusion-widget-area awb-widget-area-element fusion-widget-area-1 fusion-content-widget-area\" style=\"--awb-title-size:18px;--awb-title-color:#282828;--awb-padding:0px 0px 0px 0px;\"><div class=\"fusion-additional-widget-content\"><\/div><\/div><div class=\"fusion-widget-area awb-widget-area-element fusion-widget-area-2 fusion-content-widget-area\" style=\"--awb-title-size:18px;--awb-title-color:#282828;--awb-padding:0px 0px 0px 0px;\"><div class=\"fusion-additional-widget-content\"><\/div><\/div><div class=\"fusion-widget-area awb-widget-area-element fusion-widget-area-3 fusion-content-widget-area\" style=\"--awb-title-size:18px;--awb-title-color:#282828;--awb-padding:0px 0px 0px 0px;\"><div class=\"fusion-additional-widget-content\"><\/div><\/div><div class=\"fusion-text fusion-text-2\"><h4 class=\"fusion-responsive-typography-calculated\" style=\"--fontsize: 18; line-height: 1.87; --minfontsize: 18;\" data-fontsize=\"18\" data-lineheight=\"33.6667px\"><strong>Datenschutzbeauftragter<\/strong><\/h4>\n<p>Lothar M\u00fcller<br \/>\n<a href=\"mailto:mail@busse-patentanwaelte.de\">mail@busse-patentanwaelte.de<\/a><\/p>\n<p>F\u00fcr Anfragen zum Thema Datenschutz schicken Sie uns bitte eine Nachricht an <a href=\"mailto:mail@busse-patentanwaelte.de\">mail@busse-patentanwaelte.de<\/a> mit dem Betreff \u201eDatenschutz\u201c. Dann wird sich unser Datenschutzbeauftragter oder eine Vertretung so schnell wie m\u00f6glich um Ihr Anliegen k\u00fcmmern.<\/p>\n<\/div><div class=\"fusion-text fusion-text-3\"><h4><strong>Besuch unserer Webseite<\/strong><\/h4>\n<p>Die Nutzung unserer Seite ist ohne eine Angabe von personenbezogenen Daten m\u00f6glich. Beim Besuch unserer Webseite werden standardm\u00e4\u00dfig verschiedene Informationen (Server-Logfiles) gespeichert. Diese umfassen zum Beispiel IP-Adresse, Art Ihres Browsers, Ihr Betriebssystem, Datum und Uhrzeit, sowie weitere \u00e4hnliche allgemeine Daten. Diese Daten sind personenunabh\u00e4ngig und werden genutzt, um Ihnen die Webseiten korrekt darzustellen. Die Daten werden statistisch ausgewertet, um unseren Service f\u00fcr Sie zu verbessern. Diese Daten werden nur auf Anfrage gel\u00f6scht.<\/p>\n<\/div><div class=\"fusion-text fusion-text-4\"><h4><strong>Erhebung, Speicherung und Verwendung personenbezogener Daten, Art und Zweck<br \/>\n<\/strong><\/h4>\n<p>Wenn Sie uns mandatieren oder kontaktieren, erheben wir teilweise oder vollst\u00e4ndig folgende Informationen:<\/p>\n<ul>\n<li>Anrede, Vorname, Nachname<\/li>\n<li>eine g\u00fcltige E-Mail-Adresse<\/li>\n<li>Anschrift<\/li>\n<li>Telefonnummer (Festnetz und\/oder Mobilfunk)<\/li>\n<li>Informationen, die f\u00fcr die Geltendmachung und Verteidigung Ihrer Rechte im Rahmen des Mandats notwendig sind<\/li>\n<\/ul>\n<p>Die Erhebung dieser Daten erfolgt,<\/p>\n<ul>\n<li>um Sie als unseren Mandanten identifizieren zu k\u00f6nnen<\/li>\n<li>um Sie angemessen anwaltlich beraten und vertreten zu k\u00f6nnen<\/li>\n<li>zur Korrespondenz mit Ihnen<\/li>\n<li>zur Rechnungsstellung<\/li>\n<li>zur Geltendmachung und Abwicklung etwaiger Anspr\u00fcche<\/li>\n<\/ul>\n<p>Die Datenverarbeitung erfolgt auf Ihre Anfrage hin und ist nach Art. 6 Abs. 1 S. 1 lit. b DSGVO zu den genannten Zwecken f\u00fcr die angemessene Bearbeitung des Mandats und f\u00fcr die beidseitige Erf\u00fcllung von Verpflichtungen aus dem Mandatsvertrag erforderlich.<\/p>\n<p>Die f\u00fcr die Mandatierung und Kontaktierung von uns erhobenen personenbezogenen Daten werden nur auf Anfrage gel\u00f6scht.<\/p>\n<\/div><div class=\"fusion-clearfix\"><\/div><\/div><\/div><div class=\"fusion-layout-column fusion_builder_column fusion-builder-column-3 fusion_builder_column_1_2 1_2 fusion-one-half fusion-column-last\" style=\"--awb-bg-size:cover;width:50%;width:calc(50% - ( ( 4% ) * 0.5 ) );\"><div class=\"fusion-column-wrapper fusion-column-has-shadow fusion-flex-column-wrapper-legacy\"><div class=\"fusion-text fusion-text-5\"><h4><strong>Weitergabe an Dritte<\/strong><\/h4>\n<p>Eine \u00dcbermittlung Ihrer pers\u00f6nlichen Daten an Dritte zu anderen als den im Folgenden aufgef\u00fchrten Zwecken findet nicht statt. Wir geben Ihre pers\u00f6nlichen Daten nur an Dritte weiter, wenn:<\/p>\n<ul>\n<li>Sie nach Art. 6 Abs. 1 S. 1 lit. a DSGVO Ihre ausdr\u00fcckliche Einwilligung dazu erteilt haben,<\/li>\n<li>die Weitergabe nach Art. 6 Abs. 1 S. 1 lit. f DSGVO zur Geltendmachung, Aus\u00fcbung oder Verteidigung von Rechtsanspr\u00fcchen erforderlich ist und kein Grund zur Annahme besteht, dass Sie ein \u00fcberwiegendes, schutzw\u00fcrdiges Interesse an der Nichtweitergabe Ihrer Daten haben,<\/li>\n<li>f\u00fcr die Weitergabe nach Art. 6 Abs. 1 S. 1 lit. c DSGVO eine gesetzliche Verpflichtung besteht,<\/li>\n<li>dies gesetzlich zul\u00e4ssig und nach Art. 6 Abs. 1 S. 1 lit. B DSGVO f\u00fcr die Abwicklung von Vertragsverh\u00e4ltnissen mit Ihnen erforderlich ist.<\/li>\n<\/ul>\n<\/div><div class=\"fusion-text fusion-text-6\"><h4><strong>Betroffenenrechte<\/strong><\/h4>\n<p>Sie k\u00f6nnen zu jedem Zeitpunkt Informationen \u00fcber Ihre bei uns gespeicherten Daten einfordern. Diese k\u00f6nnen berichtigt, gesperrt oder, sofern die vorgeschriebenen Zeitr\u00e4ume der Datenspeicherung zur Gesch\u00e4ftsabwicklung abgelaufen sind, gel\u00f6scht oder auch der weitere Zugriff gesch\u00fctzt werden. Unser Datenschutzmitarbeiter hilft Ihnen bei allen entsprechenden Fragen.<\/p>\n<\/div><div class=\"fusion-text fusion-text-7\"><h4><strong>\u00c4nderung der Datenschutzbestimmungen<\/strong><\/h4>\n<p>Unsere Datenschutzerkl\u00e4rung kann in unregelm\u00e4\u00dfigen Abst\u00e4nden angepasst werden, damit sie den aktuellen rechtlichen Anforderungen entspricht oder um \u00c4nderungen unserer Dienstleistungen umzusetzen, zum Beispiel bei der Einf\u00fcgung neuer Dienstleistungen. F\u00fcr Ihren n\u00e4chsten Besuch gilt dann automatisch die neue Datenschutzerkl\u00e4rung.<\/p>\n<\/div><div class=\"fusion-text fusion-text-8\"><h4><strong>Schutzrechte<\/strong><\/h4>\n<p>Wie vom Gesetzgeber vorgeschrieben werden f\u00fcr alle Schutzrechte Papierakten aufbewahrt und nach Ablauf der entsprechenden Archivierungsfrist professionell vernichtet, entsorgt oder im Zugang beschr\u00e4nkt.<\/p>\n<\/div><div class=\"fusion-text fusion-text-9\"><\/div><div class=\"fusion-clearfix\"><\/div><\/div><\/div><\/div><\/div><\/p>\n","protected":false},"excerpt":{"rendered":"","protected":false},"author":2,"featured_media":0,"parent":0,"menu_order":0,"comment_status":"closed","ping_status":"closed","template":"","meta":{"footnotes":""},"class_list":["post-4501","page","type-page","status-publish","hentry"],"yoast_head":"<!-- This site is optimized with the Yoast SEO plugin v27.5 - https:\/\/yoast.com\/product\/yoast-seo-wordpress\/ -->\n<title>Data Privacy | Busse &amp; Busse Patent Attorneys and Lawyers<\/title>\n<meta name=\"description\" content=\"The protection of personal data is very important to us. Please find all information on the handling of your data here.\" \/>\n<meta name=\"robots\" content=\"index, follow, max-snippet:-1, max-image-preview:large, max-video-preview:-1\" \/>\n<link rel=\"canonical\" href=\"https:\/\/www.busse-patentanwaelte.de\/en\/data-privacy\/\" \/>\n<meta property=\"og:locale\" content=\"en_US\" \/>\n<meta property=\"og:type\" content=\"article\" \/>\n<meta property=\"og:title\" content=\"Data Privacy | Busse &amp; Busse Patent Attorneys and Lawyers\" \/>\n<meta property=\"og:description\" content=\"The protection of personal data is very important to us. Please find all information on the handling of your data here.\" \/>\n<meta property=\"og:url\" content=\"https:\/\/www.busse-patentanwaelte.de\/en\/data-privacy\/\" \/>\n<meta property=\"og:site_name\" content=\"Busse &amp; Busse Patent- und Rechtsanw\u00e4lte\" \/>\n<meta property=\"article:modified_time\" content=\"2023-08-30T13:19:25+00:00\" \/>\n<meta name=\"twitter:card\" content=\"summary_large_image\" \/>\n<meta name=\"twitter:label1\" content=\"Est. reading time\" \/>\n\t<meta name=\"twitter:data1\" content=\"8 minutes\" \/>\n<script type=\"application\/ld+json\" class=\"yoast-schema-graph\">{\"@context\":\"https:\\\/\\\/schema.org\",\"@graph\":[{\"@type\":\"WebPage\",\"@id\":\"https:\\\/\\\/www.busse-patentanwaelte.de\\\/en\\\/data-privacy\\\/\",\"url\":\"https:\\\/\\\/www.busse-patentanwaelte.de\\\/en\\\/data-privacy\\\/\",\"name\":\"Data Privacy | Busse & Busse Patent Attorneys and Lawyers\",\"isPartOf\":{\"@id\":\"https:\\\/\\\/www.busse-patentanwaelte.de\\\/en\\\/#website\"},\"datePublished\":\"2020-01-09T15:05:07+00:00\",\"dateModified\":\"2023-08-30T13:19:25+00:00\",\"description\":\"The protection of personal data is very important to us. Please find all information on the handling of your data here.\",\"breadcrumb\":{\"@id\":\"https:\\\/\\\/www.busse-patentanwaelte.de\\\/en\\\/data-privacy\\\/#breadcrumb\"},\"inLanguage\":\"en-US\",\"potentialAction\":[{\"@type\":\"ReadAction\",\"target\":[\"https:\\\/\\\/www.busse-patentanwaelte.de\\\/en\\\/data-privacy\\\/\"]}]},{\"@type\":\"BreadcrumbList\",\"@id\":\"https:\\\/\\\/www.busse-patentanwaelte.de\\\/en\\\/data-privacy\\\/#breadcrumb\",\"itemListElement\":[{\"@type\":\"ListItem\",\"position\":1,\"name\":\"Startseite\",\"item\":\"https:\\\/\\\/www.busse-patentanwaelte.de\\\/en\\\/\"},{\"@type\":\"ListItem\",\"position\":2,\"name\":\"Data privacy\"}]},{\"@type\":\"WebSite\",\"@id\":\"https:\\\/\\\/www.busse-patentanwaelte.de\\\/en\\\/#website\",\"url\":\"https:\\\/\\\/www.busse-patentanwaelte.de\\\/en\\\/\",\"name\":\"Busse & Busse Patent- und Rechtsanw\u00e4lte Partnerschaft mbB\",\"description\":\"Patent- und Rechtsanw\u00e4lte\",\"publisher\":{\"@id\":\"https:\\\/\\\/www.busse-patentanwaelte.de\\\/en\\\/#organization\"},\"alternateName\":\"Busse & Busse Patent- und Rechtsanw\u00e4lte\",\"potentialAction\":[{\"@type\":\"SearchAction\",\"target\":{\"@type\":\"EntryPoint\",\"urlTemplate\":\"https:\\\/\\\/www.busse-patentanwaelte.de\\\/en\\\/?s={search_term_string}\"},\"query-input\":{\"@type\":\"PropertyValueSpecification\",\"valueRequired\":true,\"valueName\":\"search_term_string\"}}],\"inLanguage\":\"en-US\"},{\"@type\":\"Organization\",\"@id\":\"https:\\\/\\\/www.busse-patentanwaelte.de\\\/en\\\/#organization\",\"name\":\"Busse & Busse Patent- und Rechtsanw\u00e4lte Partnerschaft mbB\",\"url\":\"https:\\\/\\\/www.busse-patentanwaelte.de\\\/en\\\/\",\"logo\":{\"@type\":\"ImageObject\",\"inLanguage\":\"en-US\",\"@id\":\"https:\\\/\\\/www.busse-patentanwaelte.de\\\/en\\\/#\\\/schema\\\/logo\\\/image\\\/\",\"url\":\"https:\\\/\\\/www.busse-patentanwaelte.de\\\/wp-content\\\/uploads\\\/Logo_BusseUndBussetransparent.png\",\"contentUrl\":\"https:\\\/\\\/www.busse-patentanwaelte.de\\\/wp-content\\\/uploads\\\/Logo_BusseUndBussetransparent.png\",\"width\":945,\"height\":201,\"caption\":\"Busse & Busse Patent- und Rechtsanw\u00e4lte Partnerschaft mbB\"},\"image\":{\"@id\":\"https:\\\/\\\/www.busse-patentanwaelte.de\\\/en\\\/#\\\/schema\\\/logo\\\/image\\\/\"}}]}<\/script>\n<!-- \/ Yoast SEO plugin. -->","yoast_head_json":{"title":"Data Privacy | Busse & Busse Patent Attorneys and Lawyers","description":"The protection of personal data is very important to us. Please find all information on the handling of your data here.","robots":{"index":"index","follow":"follow","max-snippet":"max-snippet:-1","max-image-preview":"max-image-preview:large","max-video-preview":"max-video-preview:-1"},"canonical":"https:\/\/www.busse-patentanwaelte.de\/en\/data-privacy\/","og_locale":"en_US","og_type":"article","og_title":"Data Privacy | Busse & Busse Patent Attorneys and Lawyers","og_description":"The protection of personal data is very important to us. Please find all information on the handling of your data here.","og_url":"https:\/\/www.busse-patentanwaelte.de\/en\/data-privacy\/","og_site_name":"Busse &amp; Busse Patent- und Rechtsanw\u00e4lte","article_modified_time":"2023-08-30T13:19:25+00:00","twitter_card":"summary_large_image","twitter_misc":{"Est. reading time":"8 minutes"},"schema":{"@context":"https:\/\/schema.org","@graph":[{"@type":"WebPage","@id":"https:\/\/www.busse-patentanwaelte.de\/en\/data-privacy\/","url":"https:\/\/www.busse-patentanwaelte.de\/en\/data-privacy\/","name":"Data Privacy | Busse & Busse Patent Attorneys and Lawyers","isPartOf":{"@id":"https:\/\/www.busse-patentanwaelte.de\/en\/#website"},"datePublished":"2020-01-09T15:05:07+00:00","dateModified":"2023-08-30T13:19:25+00:00","description":"The protection of personal data is very important to us. Please find all information on the handling of your data here.","breadcrumb":{"@id":"https:\/\/www.busse-patentanwaelte.de\/en\/data-privacy\/#breadcrumb"},"inLanguage":"en-US","potentialAction":[{"@type":"ReadAction","target":["https:\/\/www.busse-patentanwaelte.de\/en\/data-privacy\/"]}]},{"@type":"BreadcrumbList","@id":"https:\/\/www.busse-patentanwaelte.de\/en\/data-privacy\/#breadcrumb","itemListElement":[{"@type":"ListItem","position":1,"name":"Startseite","item":"https:\/\/www.busse-patentanwaelte.de\/en\/"},{"@type":"ListItem","position":2,"name":"Data privacy"}]},{"@type":"WebSite","@id":"https:\/\/www.busse-patentanwaelte.de\/en\/#website","url":"https:\/\/www.busse-patentanwaelte.de\/en\/","name":"Busse & Busse Patent- und Rechtsanw\u00e4lte Partnerschaft mbB","description":"Patent- und Rechtsanw\u00e4lte","publisher":{"@id":"https:\/\/www.busse-patentanwaelte.de\/en\/#organization"},"alternateName":"Busse & Busse Patent- und Rechtsanw\u00e4lte","potentialAction":[{"@type":"SearchAction","target":{"@type":"EntryPoint","urlTemplate":"https:\/\/www.busse-patentanwaelte.de\/en\/?s={search_term_string}"},"query-input":{"@type":"PropertyValueSpecification","valueRequired":true,"valueName":"search_term_string"}}],"inLanguage":"en-US"},{"@type":"Organization","@id":"https:\/\/www.busse-patentanwaelte.de\/en\/#organization","name":"Busse & Busse Patent- und Rechtsanw\u00e4lte Partnerschaft mbB","url":"https:\/\/www.busse-patentanwaelte.de\/en\/","logo":{"@type":"ImageObject","inLanguage":"en-US","@id":"https:\/\/www.busse-patentanwaelte.de\/en\/#\/schema\/logo\/image\/","url":"https:\/\/www.busse-patentanwaelte.de\/wp-content\/uploads\/Logo_BusseUndBussetransparent.png","contentUrl":"https:\/\/www.busse-patentanwaelte.de\/wp-content\/uploads\/Logo_BusseUndBussetransparent.png","width":945,"height":201,"caption":"Busse & Busse Patent- und Rechtsanw\u00e4lte Partnerschaft mbB"},"image":{"@id":"https:\/\/www.busse-patentanwaelte.de\/en\/#\/schema\/logo\/image\/"}}]}},"_links":{"self":[{"href":"https:\/\/www.busse-patentanwaelte.de\/en\/wp-json\/wp\/v2\/pages\/4501","targetHints":{"allow":["GET"]}}],"collection":[{"href":"https:\/\/www.busse-patentanwaelte.de\/en\/wp-json\/wp\/v2\/pages"}],"about":[{"href":"https:\/\/www.busse-patentanwaelte.de\/en\/wp-json\/wp\/v2\/types\/page"}],"author":[{"embeddable":true,"href":"https:\/\/www.busse-patentanwaelte.de\/en\/wp-json\/wp\/v2\/users\/2"}],"replies":[{"embeddable":true,"href":"https:\/\/www.busse-patentanwaelte.de\/en\/wp-json\/wp\/v2\/comments?post=4501"}],"version-history":[{"count":7,"href":"https:\/\/www.busse-patentanwaelte.de\/en\/wp-json\/wp\/v2\/pages\/4501\/revisions"}],"predecessor-version":[{"id":5155,"href":"https:\/\/www.busse-patentanwaelte.de\/en\/wp-json\/wp\/v2\/pages\/4501\/revisions\/5155"}],"wp:attachment":[{"href":"https:\/\/www.busse-patentanwaelte.de\/en\/wp-json\/wp\/v2\/media?parent=4501"}],"curies":[{"name":"wp","href":"https:\/\/api.w.org\/{rel}","templated":true}]}}