{"id":4506,"date":"2016-03-03T03:34:03","date_gmt":"2016-03-03T02:34:03","guid":{"rendered":"https:\/\/www.busse-patentanwaelte.de\/law-firm\/contact\/"},"modified":"2023-08-31T10:31:34","modified_gmt":"2023-08-31T08:31:34","slug":"contact","status":"publish","type":"page","link":"https:\/\/www.busse-patentanwaelte.de\/en\/law-firm\/contact\/","title":{"rendered":"Contact"},"content":{"rendered":"<p><div class=\"fusion-fullwidth fullwidth-box fusion-builder-row-1 hundred-percent-fullwidth non-hundred-percent-height-scrolling\" style=\"--awb-border-radius-top-left:0px;--awb-border-radius-top-right:0px;--awb-border-radius-bottom-right:0px;--awb-border-radius-bottom-left:0px;--awb-padding-top:0px;--awb-padding-right:0px;--awb-padding-bottom:0px;--awb-padding-left:0px;--awb-flex-wrap:wrap;\" ><div class=\"fusion-builder-row fusion-row\"><div class=\"fusion-layout-column fusion_builder_column fusion-builder-column-0 fusion_builder_column_1_1 1_1 fusion-one-full fusion-column-first fusion-column-last\" style=\"--awb-bg-size:cover;\"><div class=\"fusion-column-wrapper fusion-column-has-shadow fusion-flex-column-wrapper-legacy\"><div class=\"fusion-alert alert error alert-danger fusion-alert-center fusion-alert-capitalize awb-alert-native-link-color alert-dismissable awb-alert-close-boxed\" role=\"alert\"><div class=\"fusion-alert-content-wrapper\"><span class=\"alert-icon\"><i class=\"awb-icon-exclamation-triangle\" aria-hidden=\"true\"><\/i><\/span><span class=\"fusion-alert-content\">Incorrect slider name. Please make sure to use a valid slider slug.<\/span><\/div><button type=\"button\" class=\"close toggle-alert\" data-dismiss=\"alert\" aria-label=\"Close\">&times;<\/button><\/div><div class=\"fusion-clearfix\"><\/div><\/div><\/div><\/div><\/div><div class=\"fusion-fullwidth fullwidth-box fusion-builder-row-2 nonhundred-percent-fullwidth non-hundred-percent-height-scrolling\" style=\"--awb-border-radius-top-left:0px;--awb-border-radius-top-right:0px;--awb-border-radius-bottom-right:0px;--awb-border-radius-bottom-left:0px;--awb-margin-top:30px;--awb-margin-bottom:30px;--awb-flex-wrap:wrap;\" ><div class=\"fusion-builder-row fusion-row\"><div class=\"fusion-layout-column fusion_builder_column fusion-builder-column-1 fusion_builder_column_1_1 1_1 fusion-one-full fusion-column-first fusion-column-last\" style=\"--awb-bg-size:cover;\"><div class=\"fusion-column-wrapper fusion-column-has-shadow fusion-flex-column-wrapper-legacy\"><div class=\"fusion-title title fusion-title-1 fusion-title-center fusion-title-text fusion-title-size-one\"><div class=\"title-sep-container title-sep-container-left\"><div class=\"title-sep sep- sep-solid\" style=\"border-color:#e2e2e2;\"><\/div><\/div><span class=\"awb-title-spacer\"><\/span><h1 class=\"fusion-title-heading title-heading-center\" style=\"margin:0;\">Contact<\/h1><span class=\"awb-title-spacer\"><\/span><div class=\"title-sep-container title-sep-container-right\"><div class=\"title-sep sep- sep-solid\" style=\"border-color:#e2e2e2;\"><\/div><\/div><\/div><div class=\"fusion-text fusion-text-1\"><p style=\"text-align: center;\">Do you have questions, suggestions or wishes?<br \/>\nThen call us or write us an e-mail or simply use the contact form below.<\/p>\n<\/div><div class=\"fusion-clearfix\"><\/div><\/div><\/div><div class=\"fusion-layout-column fusion_builder_column fusion-builder-column-2 fusion_builder_column_1_2 1_2 fusion-one-half fusion-column-first\" style=\"--awb-bg-size:cover;width:50%;width:calc(50% - ( ( 4% ) * 0.5 ) );margin-right: 4%;\"><div class=\"fusion-column-wrapper fusion-column-has-shadow fusion-flex-column-wrapper-legacy\"><div class=\"fusion-widget-area awb-widget-area-element fusion-widget-area-1 fusion-content-widget-area\" style=\"--awb-title-size:18px;--awb-title-color:#282828;--awb-padding:0px 0px 0px 0px;\"><div class=\"fusion-additional-widget-content\"><\/div><\/div><div class=\"fusion-widget-area awb-widget-area-element fusion-widget-area-2 fusion-content-widget-area\" style=\"--awb-title-size:18px;--awb-title-color:#282828;--awb-padding:0px 0px 0px 0px;\"><div class=\"fusion-additional-widget-content\"><\/div><\/div><div class=\"fusion-widget-area awb-widget-area-element fusion-widget-area-3 fusion-content-widget-area\" style=\"--awb-title-size:18px;--awb-title-color:#282828;--awb-padding:0px 0px 0px 0px;\"><div class=\"fusion-additional-widget-content\"><\/div><\/div><div class=\"fusion-clearfix\"><\/div><\/div><\/div><div class=\"fusion-layout-column fusion_builder_column fusion-builder-column-3 fusion_builder_column_1_2 1_2 fusion-one-half fusion-column-last\" style=\"--awb-bg-size:cover;width:50%;width:calc(50% - ( ( 4% ) * 0.5 ) );\"><div class=\"fusion-column-wrapper fusion-column-has-shadow fusion-flex-column-wrapper-legacy\">\n<div class=\"wpcf7 no-js\" id=\"wpcf7-f11-o1\" lang=\"de-DE\" dir=\"ltr\" data-wpcf7-id=\"11\">\n<div class=\"screen-reader-response\"><p role=\"status\" aria-live=\"polite\" aria-atomic=\"true\"><\/p> <ul><\/ul><\/div>\n<form action=\"\/en\/wp-json\/wp\/v2\/pages\/4506#wpcf7-f11-o1\" method=\"post\" class=\"wpcf7-form init wpcf7-acceptance-as-validation\" aria-label=\"Kontaktformular\" novalidate=\"novalidate\" data-status=\"init\">\n<fieldset class=\"hidden-fields-container\"><input type=\"hidden\" name=\"_wpcf7\" value=\"11\" \/><input type=\"hidden\" name=\"_wpcf7_version\" value=\"6.1.5\" \/><input type=\"hidden\" name=\"_wpcf7_locale\" value=\"de_DE\" \/><input type=\"hidden\" name=\"_wpcf7_unit_tag\" value=\"wpcf7-f11-o1\" \/><input type=\"hidden\" name=\"_wpcf7_container_post\" value=\"0\" \/><input type=\"hidden\" name=\"_wpcf7_posted_data_hash\" value=\"\" \/>\n<\/fieldset>\n<p><label>Vorname <span class=\"wpcf7-form-control-wrap\" data-name=\"vorname\"><input size=\"40\" maxlength=\"400\" class=\"wpcf7-form-control wpcf7-text\" aria-invalid=\"false\" placeholder=\"Vorname\" value=\"\" type=\"text\" name=\"vorname\" \/><\/span><\/label><br \/>\n<label>Nachname <span class=\"wpcf7-form-control-wrap\" data-name=\"nachname\"><input size=\"40\" maxlength=\"400\" class=\"wpcf7-form-control wpcf7-text\" aria-invalid=\"false\" placeholder=\"Nachname\" value=\"\" type=\"text\" name=\"nachname\" \/><\/span><\/label><br \/>\n<label>Telefon <span class=\"wpcf7-form-control-wrap\" data-name=\"telefon\"><input size=\"40\" maxlength=\"400\" class=\"wpcf7-form-control wpcf7-text\" aria-invalid=\"false\" placeholder=\"Telefon\" value=\"\" type=\"text\" name=\"telefon\" \/><\/span><\/label><br \/>\n<label>E-Mail* <span class=\"wpcf7-form-control-wrap\" data-name=\"email\"><input size=\"40\" maxlength=\"400\" class=\"wpcf7-form-control wpcf7-email wpcf7-validates-as-required wpcf7-text wpcf7-validates-as-email\" aria-required=\"true\" aria-invalid=\"false\" placeholder=\"E-Mail*\" value=\"\" type=\"email\" name=\"email\" \/><\/span><\/label><br \/>\n<label>Mitteilung <span class=\"wpcf7-form-control-wrap\" data-name=\"nachricht\"><textarea cols=\"40\" rows=\"10\" maxlength=\"2000\" class=\"wpcf7-form-control wpcf7-textarea wpcf7-validates-as-required\" aria-required=\"true\" aria-invalid=\"false\" placeholder=\"Ihre Nachricht*\" name=\"nachricht\"><\/textarea><\/span><\/label><br \/>\n<span class=\"wpcf7-form-control-wrap\" data-name=\"datenschutzerklaerung\"><span class=\"wpcf7-form-control wpcf7-acceptance\"><span class=\"wpcf7-list-item\"><label><input type=\"checkbox\" name=\"datenschutzerklaerung\" value=\"1\" aria-invalid=\"false\" \/><span class=\"wpcf7-list-item-label\">Mit dem Absenden erkl\u00e4ren Sie sich mit der Verarbeitung Ihrer personenbezogenen Daten gem\u00e4\u00df unserer <a href=\"\/datenschutz\/\" target=\"_blank\">Datenschutzerkl\u00e4rung<\/a> einverstanden.<\/span><\/label><\/span><\/span><\/span><br \/>\n<span class=\"wpcf7-form-control-wrap\" data-name=\"quiz-busse\"><label><span class=\"wpcf7-quiz-label\">Sicherheitsabfrage: Bitte schreiben Sie das Wort &#039;Busse&#039; in das folgende Feld.<\/span> <input size=\"40\" class=\"wpcf7-form-control wpcf7-quiz text_input\" autocomplete=\"off\" aria-required=\"true\" aria-invalid=\"false\" type=\"text\" name=\"quiz-busse\" \/><\/label><input type=\"hidden\" name=\"_wpcf7_quiz_answer_quiz-busse\" value=\"19b49d5efab2839421a19dc671abe869\" \/><\/span><br \/>\n<input class=\"wpcf7-form-control wpcf7-submit has-spinner\" type=\"submit\" value=\"Jetzt Kontakt aufnehmen\" \/>\n<\/p><div class=\"fusion-alert alert custom alert-custom fusion-alert-center wpcf7-response-output fusion-alert-capitalize awb-alert-native-link-color alert-dismissable awb-alert-close-boxed\" style=\"--awb-border-size:1px;--awb-border-top-left-radius:0px;--awb-border-top-right-radius:0px;--awb-border-bottom-left-radius:0px;--awb-border-bottom-right-radius:0px;\" role=\"alert\"><div class=\"fusion-alert-content-wrapper\"><span class=\"fusion-alert-content\"><\/span><\/div><button type=\"button\" class=\"close toggle-alert\" data-dismiss=\"alert\" aria-label=\"Close\">&times;<\/button><\/div>\n<\/form>\n<\/div>\n<div class=\"fusion-clearfix\"><\/div><\/div><\/div><\/div><\/div><\/p>\n","protected":false},"excerpt":{"rendered":"","protected":false},"author":1,"featured_media":0,"parent":4500,"menu_order":10,"comment_status":"closed","ping_status":"closed","template":"","meta":{"footnotes":""},"class_list":["post-4506","page","type-page","status-publish","hentry"],"yoast_head":"<!-- This site is optimized with the Yoast SEO plugin v27.5 - https:\/\/yoast.com\/product\/yoast-seo-wordpress\/ -->\n<title>Contact Us | Busse &amp; Busse Patent Attorneys and Lawyers<\/title>\n<meta name=\"description\" content=\"You are looking for an attorney, need legal advice or have legal questions? Then call us and we will be happy to help you.\" \/>\n<meta name=\"robots\" content=\"index, follow, max-snippet:-1, max-image-preview:large, max-video-preview:-1\" \/>\n<link rel=\"canonical\" href=\"https:\/\/www.busse-patentanwaelte.de\/en\/law-firm\/contact\/\" \/>\n<meta property=\"og:locale\" content=\"en_US\" \/>\n<meta property=\"og:type\" content=\"article\" \/>\n<meta property=\"og:title\" content=\"Contact Us | Busse &amp; Busse Patent Attorneys and Lawyers\" \/>\n<meta property=\"og:description\" content=\"You are looking for an attorney, need legal advice or have legal questions? Then call us and we will be happy to help you.\" \/>\n<meta property=\"og:url\" content=\"https:\/\/www.busse-patentanwaelte.de\/en\/law-firm\/contact\/\" \/>\n<meta property=\"og:site_name\" content=\"Busse &amp; Busse Patent- und Rechtsanw\u00e4lte\" \/>\n<meta property=\"article:modified_time\" content=\"2023-08-31T08:31:34+00:00\" \/>\n<meta name=\"twitter:card\" content=\"summary_large_image\" \/>\n<meta name=\"twitter:label1\" content=\"Est. reading time\" \/>\n\t<meta name=\"twitter:data1\" content=\"6 minutes\" \/>\n<script type=\"application\/ld+json\" class=\"yoast-schema-graph\">{\"@context\":\"https:\\\/\\\/schema.org\",\"@graph\":[{\"@type\":\"WebPage\",\"@id\":\"https:\\\/\\\/www.busse-patentanwaelte.de\\\/en\\\/law-firm\\\/contact\\\/\",\"url\":\"https:\\\/\\\/www.busse-patentanwaelte.de\\\/en\\\/law-firm\\\/contact\\\/\",\"name\":\"Contact Us | Busse & Busse Patent Attorneys and Lawyers\",\"isPartOf\":{\"@id\":\"https:\\\/\\\/www.busse-patentanwaelte.de\\\/en\\\/#website\"},\"datePublished\":\"2016-03-03T02:34:03+00:00\",\"dateModified\":\"2023-08-31T08:31:34+00:00\",\"description\":\"You are looking for an attorney, need legal advice or have legal questions? Then call us and we will be happy to help you.\",\"breadcrumb\":{\"@id\":\"https:\\\/\\\/www.busse-patentanwaelte.de\\\/en\\\/law-firm\\\/contact\\\/#breadcrumb\"},\"inLanguage\":\"en-US\",\"potentialAction\":[{\"@type\":\"ReadAction\",\"target\":[\"https:\\\/\\\/www.busse-patentanwaelte.de\\\/en\\\/law-firm\\\/contact\\\/\"]}]},{\"@type\":\"BreadcrumbList\",\"@id\":\"https:\\\/\\\/www.busse-patentanwaelte.de\\\/en\\\/law-firm\\\/contact\\\/#breadcrumb\",\"itemListElement\":[{\"@type\":\"ListItem\",\"position\":1,\"name\":\"Startseite\",\"item\":\"https:\\\/\\\/www.busse-patentanwaelte.de\\\/en\\\/\"},{\"@type\":\"ListItem\",\"position\":2,\"name\":\"Law Firm\",\"item\":\"https:\\\/\\\/www.busse-patentanwaelte.de\\\/en\\\/law-firm\\\/\"},{\"@type\":\"ListItem\",\"position\":3,\"name\":\"Contact\"}]},{\"@type\":\"WebSite\",\"@id\":\"https:\\\/\\\/www.busse-patentanwaelte.de\\\/en\\\/#website\",\"url\":\"https:\\\/\\\/www.busse-patentanwaelte.de\\\/en\\\/\",\"name\":\"Busse & Busse Patent- und Rechtsanw\u00e4lte Partnerschaft mbB\",\"description\":\"Patent- und Rechtsanw\u00e4lte\",\"publisher\":{\"@id\":\"https:\\\/\\\/www.busse-patentanwaelte.de\\\/en\\\/#organization\"},\"alternateName\":\"Busse & Busse Patent- und Rechtsanw\u00e4lte\",\"potentialAction\":[{\"@type\":\"SearchAction\",\"target\":{\"@type\":\"EntryPoint\",\"urlTemplate\":\"https:\\\/\\\/www.busse-patentanwaelte.de\\\/en\\\/?s={search_term_string}\"},\"query-input\":{\"@type\":\"PropertyValueSpecification\",\"valueRequired\":true,\"valueName\":\"search_term_string\"}}],\"inLanguage\":\"en-US\"},{\"@type\":\"Organization\",\"@id\":\"https:\\\/\\\/www.busse-patentanwaelte.de\\\/en\\\/#organization\",\"name\":\"Busse & Busse Patent- und Rechtsanw\u00e4lte Partnerschaft mbB\",\"url\":\"https:\\\/\\\/www.busse-patentanwaelte.de\\\/en\\\/\",\"logo\":{\"@type\":\"ImageObject\",\"inLanguage\":\"en-US\",\"@id\":\"https:\\\/\\\/www.busse-patentanwaelte.de\\\/en\\\/#\\\/schema\\\/logo\\\/image\\\/\",\"url\":\"https:\\\/\\\/www.busse-patentanwaelte.de\\\/wp-content\\\/uploads\\\/Logo_BusseUndBussetransparent.png\",\"contentUrl\":\"https:\\\/\\\/www.busse-patentanwaelte.de\\\/wp-content\\\/uploads\\\/Logo_BusseUndBussetransparent.png\",\"width\":945,\"height\":201,\"caption\":\"Busse & Busse Patent- und Rechtsanw\u00e4lte Partnerschaft mbB\"},\"image\":{\"@id\":\"https:\\\/\\\/www.busse-patentanwaelte.de\\\/en\\\/#\\\/schema\\\/logo\\\/image\\\/\"}}]}<\/script>\n<!-- \/ Yoast SEO plugin. -->","yoast_head_json":{"title":"Contact Us | Busse & Busse Patent Attorneys and Lawyers","description":"You are looking for an attorney, need legal advice or have legal questions? Then call us and we will be happy to help you.","robots":{"index":"index","follow":"follow","max-snippet":"max-snippet:-1","max-image-preview":"max-image-preview:large","max-video-preview":"max-video-preview:-1"},"canonical":"https:\/\/www.busse-patentanwaelte.de\/en\/law-firm\/contact\/","og_locale":"en_US","og_type":"article","og_title":"Contact Us | Busse & Busse Patent Attorneys and Lawyers","og_description":"You are looking for an attorney, need legal advice or have legal questions? Then call us and we will be happy to help you.","og_url":"https:\/\/www.busse-patentanwaelte.de\/en\/law-firm\/contact\/","og_site_name":"Busse &amp; Busse Patent- und Rechtsanw\u00e4lte","article_modified_time":"2023-08-31T08:31:34+00:00","twitter_card":"summary_large_image","twitter_misc":{"Est. reading time":"6 minutes"},"schema":{"@context":"https:\/\/schema.org","@graph":[{"@type":"WebPage","@id":"https:\/\/www.busse-patentanwaelte.de\/en\/law-firm\/contact\/","url":"https:\/\/www.busse-patentanwaelte.de\/en\/law-firm\/contact\/","name":"Contact Us | Busse & Busse Patent Attorneys and Lawyers","isPartOf":{"@id":"https:\/\/www.busse-patentanwaelte.de\/en\/#website"},"datePublished":"2016-03-03T02:34:03+00:00","dateModified":"2023-08-31T08:31:34+00:00","description":"You are looking for an attorney, need legal advice or have legal questions? Then call us and we will be happy to help you.","breadcrumb":{"@id":"https:\/\/www.busse-patentanwaelte.de\/en\/law-firm\/contact\/#breadcrumb"},"inLanguage":"en-US","potentialAction":[{"@type":"ReadAction","target":["https:\/\/www.busse-patentanwaelte.de\/en\/law-firm\/contact\/"]}]},{"@type":"BreadcrumbList","@id":"https:\/\/www.busse-patentanwaelte.de\/en\/law-firm\/contact\/#breadcrumb","itemListElement":[{"@type":"ListItem","position":1,"name":"Startseite","item":"https:\/\/www.busse-patentanwaelte.de\/en\/"},{"@type":"ListItem","position":2,"name":"Law Firm","item":"https:\/\/www.busse-patentanwaelte.de\/en\/law-firm\/"},{"@type":"ListItem","position":3,"name":"Contact"}]},{"@type":"WebSite","@id":"https:\/\/www.busse-patentanwaelte.de\/en\/#website","url":"https:\/\/www.busse-patentanwaelte.de\/en\/","name":"Busse & Busse Patent- und Rechtsanw\u00e4lte Partnerschaft mbB","description":"Patent- und Rechtsanw\u00e4lte","publisher":{"@id":"https:\/\/www.busse-patentanwaelte.de\/en\/#organization"},"alternateName":"Busse & Busse Patent- und Rechtsanw\u00e4lte","potentialAction":[{"@type":"SearchAction","target":{"@type":"EntryPoint","urlTemplate":"https:\/\/www.busse-patentanwaelte.de\/en\/?s={search_term_string}"},"query-input":{"@type":"PropertyValueSpecification","valueRequired":true,"valueName":"search_term_string"}}],"inLanguage":"en-US"},{"@type":"Organization","@id":"https:\/\/www.busse-patentanwaelte.de\/en\/#organization","name":"Busse & Busse Patent- und Rechtsanw\u00e4lte Partnerschaft mbB","url":"https:\/\/www.busse-patentanwaelte.de\/en\/","logo":{"@type":"ImageObject","inLanguage":"en-US","@id":"https:\/\/www.busse-patentanwaelte.de\/en\/#\/schema\/logo\/image\/","url":"https:\/\/www.busse-patentanwaelte.de\/wp-content\/uploads\/Logo_BusseUndBussetransparent.png","contentUrl":"https:\/\/www.busse-patentanwaelte.de\/wp-content\/uploads\/Logo_BusseUndBussetransparent.png","width":945,"height":201,"caption":"Busse & Busse Patent- und Rechtsanw\u00e4lte Partnerschaft mbB"},"image":{"@id":"https:\/\/www.busse-patentanwaelte.de\/en\/#\/schema\/logo\/image\/"}}]}},"_links":{"self":[{"href":"https:\/\/www.busse-patentanwaelte.de\/en\/wp-json\/wp\/v2\/pages\/4506","targetHints":{"allow":["GET"]}}],"collection":[{"href":"https:\/\/www.busse-patentanwaelte.de\/en\/wp-json\/wp\/v2\/pages"}],"about":[{"href":"https:\/\/www.busse-patentanwaelte.de\/en\/wp-json\/wp\/v2\/types\/page"}],"author":[{"embeddable":true,"href":"https:\/\/www.busse-patentanwaelte.de\/en\/wp-json\/wp\/v2\/users\/1"}],"replies":[{"embeddable":true,"href":"https:\/\/www.busse-patentanwaelte.de\/en\/wp-json\/wp\/v2\/comments?post=4506"}],"version-history":[{"count":8,"href":"https:\/\/www.busse-patentanwaelte.de\/en\/wp-json\/wp\/v2\/pages\/4506\/revisions"}],"predecessor-version":[{"id":5197,"href":"https:\/\/www.busse-patentanwaelte.de\/en\/wp-json\/wp\/v2\/pages\/4506\/revisions\/5197"}],"up":[{"embeddable":true,"href":"https:\/\/www.busse-patentanwaelte.de\/en\/wp-json\/wp\/v2\/pages\/4500"}],"wp:attachment":[{"href":"https:\/\/www.busse-patentanwaelte.de\/en\/wp-json\/wp\/v2\/media?parent=4506"}],"curies":[{"name":"wp","href":"https:\/\/api.w.org\/{rel}","templated":true}]}}