{"id":5291,"date":"2025-12-16T11:44:17","date_gmt":"2025-12-16T10:44:17","guid":{"rendered":"https:\/\/www.busse-patentanwaelte.de\/team\/dr-joerg-manske\/"},"modified":"2026-01-28T11:15:30","modified_gmt":"2026-01-28T10:15:30","slug":"dr-joerg-manske","status":"publish","type":"page","link":"https:\/\/www.busse-patentanwaelte.de\/en\/team\/dr-joerg-manske\/","title":{"rendered":"Dr. J\u00f6rg Manske"},"content":{"rendered":"<div class=\"fusion-fullwidth fullwidth-box fusion-builder-row-1 nonhundred-percent-fullwidth non-hundred-percent-height-scrolling\" style=\"--awb-border-radius-top-left:0px;--awb-border-radius-top-right:0px;--awb-border-radius-bottom-right:0px;--awb-border-radius-bottom-left:0px;--awb-flex-wrap:wrap;\" ><div class=\"fusion-builder-row fusion-row\"><div class=\"fusion-layout-column fusion_builder_column fusion-builder-column-0 fusion_builder_column_1_3 1_3 fusion-one-third fusion-column-first\" style=\"--awb-bg-size:cover;width:33.333333333333%;width:calc(33.333333333333% - ( ( 4% ) * 0.33333333333333 ) );margin-right: 4%;\"><div class=\"fusion-column-wrapper fusion-column-has-shadow fusion-flex-column-wrapper-legacy\"><div class=\"fusion-image-element in-legacy-container\" style=\"--awb-caption-title-font-family:var(--h2_typography-font-family);--awb-caption-title-font-weight:var(--h2_typography-font-weight);--awb-caption-title-font-style:var(--h2_typography-font-style);--awb-caption-title-size:var(--h2_typography-font-size);--awb-caption-title-transform:var(--h2_typography-text-transform);--awb-caption-title-line-height:var(--h2_typography-line-height);--awb-caption-title-letter-spacing:var(--h2_typography-letter-spacing);\"><span class=\" fusion-imageframe imageframe-none imageframe-1 hover-type-none\"><img decoding=\"async\" width=\"400\" height=\"400\" title=\"Manske_v2\" src=\"https:\/\/www.busse-patentanwaelte.de\/wp-content\/uploads\/\/Manske_v2-400x400.jpg\" alt class=\"img-responsive wp-image-5331\" srcset=\"https:\/\/www.busse-patentanwaelte.de\/wp-content\/uploads\/Manske_v2-200x200.jpg 200w, https:\/\/www.busse-patentanwaelte.de\/wp-content\/uploads\/Manske_v2-400x400.jpg 400w, https:\/\/www.busse-patentanwaelte.de\/wp-content\/uploads\/Manske_v2-600x600.jpg 600w, https:\/\/www.busse-patentanwaelte.de\/wp-content\/uploads\/Manske_v2-800x800.jpg 800w, https:\/\/www.busse-patentanwaelte.de\/wp-content\/uploads\/Manske_v2-1200x1200.jpg 1200w, https:\/\/www.busse-patentanwaelte.de\/wp-content\/uploads\/Manske_v2-scaled.jpg 2560w\" sizes=\"(max-width: 800px) 100vw, 400px\" \/><\/span><\/div><div class=\"fusion-text fusion-text-1\"><p><strong>Dr. J\u00f6rg Manske<br \/>\n<\/strong>Dipl.-Phys.<br \/>\nPatent Attorney<br \/>\nEuropean Patent and Trademark Attorney<br \/>\nPARTNER<\/p>\n<\/div><div class=\"fusion-widget-area awb-widget-area-element fusion-widget-area-1 fusion-content-widget-area\" style=\"--awb-title-size:18px;--awb-title-color:#282828;--awb-padding:0px 0px 0px 0px;\"><div id=\"custom_html-5\" class=\"widget_text widget widget_custom_html\"><div class=\"textwidget custom-html-widget\"><div class=\"fusion-widget-area awb-widget-area-element fusion-widget-area-1 fusion-content-widget-area\" style=\"--awb-title-size:18px;--awb-title-color:#282828;--awb-padding:10px 0px 0px 0px;\"><div id=\"custom_html-3\" class=\"widget_text widget widget_custom_html\" style=\"border-style: solid;border-color:transparent;border-width:0px;\"><div class=\"textwidget custom-html-widget\">Busse & Busse \r\nPatent- und Rechtsanw\u00e4lte \r\nPartnerschaft mbB<br \/>\r\n\r\nGro\u00dfhandelsring 6<br \/>\r\n49084 Osnabr\u00fcck<\/div><\/div><div class=\"fusion-additional-widget-content\"><\/div><\/div>\r\n<div class=\"fusion-widget-area awb-widget-area-element fusion-widget-area-2 fusion-content-widget-area\" style=\"--awb-title-size:18px;--awb-title-color:#282828;--awb-padding:0px 0px 0px 0px;\"><div id=\"custom_html-4\" class=\"widget_text widget widget_custom_html\" style=\"border-style: solid;border-color:transparent;border-width:0px;\"><div class=\"textwidget custom-html-widget\">Phone: <a href=\"tel:+495412005860\" title=\"Call\">0541 2005860<\/a><br \/> Email: <a href=\"mailto:mail@busse-patentanwaelte.de\" title=\"Send email\">mail@busse-patentanwaelte.de<\/a><br \/> Homepage: <a href=\"https:\/\/www.busse-patentanwaelte.de\/en\/\" title=\"Busse & Busse Patent- und Rechtsanw\u00e4lte Partnerschaft mbB\">www.busse-patentanwaelte.de<\/a><\/div><\/div><div class=\"fusion-additional-widget-content\"><\/div><\/div><\/div><\/div><div class=\"fusion-additional-widget-content\"><\/div><\/div><div class=\"fusion-clearfix\"><\/div><\/div><\/div><div class=\"fusion-layout-column fusion_builder_column fusion-builder-column-1 fusion_builder_column_2_3 2_3 fusion-two-third fusion-column-last\" style=\"--awb-bg-size:cover;width:66.666666666667%;width:calc(66.666666666667% - ( ( 4% ) * 0.66666666666667 ) );\"><div class=\"fusion-column-wrapper fusion-column-has-shadow fusion-flex-column-wrapper-legacy\"><div class=\"fusion-text fusion-text-2\"><p>Dr J\u00f6rg Manske studied physics with a secondary subject in chemistry at the University of Osnabr\u00fcck. Numerous guest stays at renowned international research institutes took him to France and the Netherlands, among other places.<\/p>\n<p>Dr Manske completed his training as a patent attorney at a patent and law firm in Arnsberg, at the German Patent and Trademark Office and at the Federal Patent Court. In 2005, Dr Manske was admitted as a patent attorney. Prior to this, he worked as a management consultant for leading international telecommunications companies.<\/p>\n<p>His legal practice focuses on national and international patent law and design law. His technical areas of expertise include automotive engineering, automation technology, lighting technology, optics and computer-implemented inventions.<\/p>\n<p>Dr Manske has been a partner at the firm since 2025. Prior to that, he was a long-standing partner at the firm in Arnsberg.<\/p>\n<p>In addition to his native language, German, Dr Manske is also fluent in English.<\/p>\n<\/div><div class=\"fusion-button-wrapper\"><a class=\"fusion-button button-flat button-large button-default fusion-button-default button-1 fusion-button-default-span fusion-button-default-type\" target=\"_self\" href=\"https:\/\/www.busse-patentanwaelte.de\/en\/team\/\"><span class=\"fusion-button-text awb-button__text awb-button__text--default\">Back to the overview<\/span><\/a><\/div><div class=\"fusion-clearfix\"><\/div><\/div><\/div><\/div><\/div>\n","protected":false},"excerpt":{"rendered":"","protected":false},"author":3,"featured_media":0,"parent":4462,"menu_order":0,"comment_status":"closed","ping_status":"closed","template":"","meta":{"footnotes":""},"class_list":["post-5291","page","type-page","status-publish","hentry"],"yoast_head":"<!-- This site is optimized with the Yoast SEO plugin v27.5 - https:\/\/yoast.com\/product\/yoast-seo-wordpress\/ -->\n<title>Patent Attorney Dr. J\u00f6rg Manske | Busse &amp; Busse Patent- und Rechtsanw\u00e4lte<\/title>\n<meta name=\"description\" content=\"Dr. J\u00f6rg MAnske has been a partner at the law firm since 2025. He works primarily in mechanical engineering and computer implemented inventions.\" \/>\n<meta name=\"robots\" content=\"index, follow, max-snippet:-1, max-image-preview:large, max-video-preview:-1\" \/>\n<link rel=\"canonical\" href=\"https:\/\/www.busse-patentanwaelte.de\/en\/team\/dr-joerg-manske\/\" \/>\n<meta property=\"og:locale\" content=\"en_US\" \/>\n<meta property=\"og:type\" content=\"article\" \/>\n<meta property=\"og:title\" content=\"Patent Attorney Dr. J\u00f6rg Manske | Busse &amp; Busse Patent- und Rechtsanw\u00e4lte\" \/>\n<meta property=\"og:description\" content=\"Dr. J\u00f6rg MAnske has been a partner at the law firm since 2025. He works primarily in mechanical engineering and computer implemented inventions.\" \/>\n<meta property=\"og:url\" content=\"https:\/\/www.busse-patentanwaelte.de\/en\/team\/dr-joerg-manske\/\" \/>\n<meta property=\"og:site_name\" content=\"Busse &amp; Busse Patent- und Rechtsanw\u00e4lte\" \/>\n<meta property=\"article:modified_time\" content=\"2026-01-28T10:15:30+00:00\" \/>\n<meta name=\"twitter:card\" content=\"summary_large_image\" \/>\n<meta name=\"twitter:label1\" content=\"Est. reading time\" \/>\n\t<meta name=\"twitter:data1\" content=\"2 minutes\" \/>\n<script type=\"application\/ld+json\" class=\"yoast-schema-graph\">{\"@context\":\"https:\\\/\\\/schema.org\",\"@graph\":[{\"@type\":\"WebPage\",\"@id\":\"https:\\\/\\\/www.busse-patentanwaelte.de\\\/en\\\/team\\\/dr-joerg-manske\\\/\",\"url\":\"https:\\\/\\\/www.busse-patentanwaelte.de\\\/en\\\/team\\\/dr-joerg-manske\\\/\",\"name\":\"Patent Attorney Dr. J\u00f6rg Manske | Busse &amp; Busse Patent- und Rechtsanw\u00e4lte\",\"isPartOf\":{\"@id\":\"https:\\\/\\\/www.busse-patentanwaelte.de\\\/en\\\/#website\"},\"datePublished\":\"2025-12-16T10:44:17+00:00\",\"dateModified\":\"2026-01-28T10:15:30+00:00\",\"description\":\"Dr. J\u00f6rg MAnske has been a partner at the law firm since 2025. He works primarily in mechanical engineering and computer implemented inventions.\",\"breadcrumb\":{\"@id\":\"https:\\\/\\\/www.busse-patentanwaelte.de\\\/en\\\/team\\\/dr-joerg-manske\\\/#breadcrumb\"},\"inLanguage\":\"en-US\",\"potentialAction\":[{\"@type\":\"ReadAction\",\"target\":[\"https:\\\/\\\/www.busse-patentanwaelte.de\\\/en\\\/team\\\/dr-joerg-manske\\\/\"]}]},{\"@type\":\"BreadcrumbList\",\"@id\":\"https:\\\/\\\/www.busse-patentanwaelte.de\\\/en\\\/team\\\/dr-joerg-manske\\\/#breadcrumb\",\"itemListElement\":[{\"@type\":\"ListItem\",\"position\":1,\"name\":\"Startseite\",\"item\":\"https:\\\/\\\/www.busse-patentanwaelte.de\\\/en\\\/\"},{\"@type\":\"ListItem\",\"position\":2,\"name\":\"Team\",\"item\":\"https:\\\/\\\/www.busse-patentanwaelte.de\\\/en\\\/team\\\/\"},{\"@type\":\"ListItem\",\"position\":3,\"name\":\"Dr. J\u00f6rg Manske\"}]},{\"@type\":\"WebSite\",\"@id\":\"https:\\\/\\\/www.busse-patentanwaelte.de\\\/en\\\/#website\",\"url\":\"https:\\\/\\\/www.busse-patentanwaelte.de\\\/en\\\/\",\"name\":\"Busse & Busse Patent- und Rechtsanw\u00e4lte Partnerschaft mbB\",\"description\":\"Patent- und Rechtsanw\u00e4lte\",\"publisher\":{\"@id\":\"https:\\\/\\\/www.busse-patentanwaelte.de\\\/en\\\/#organization\"},\"alternateName\":\"Busse & Busse Patent- und Rechtsanw\u00e4lte\",\"potentialAction\":[{\"@type\":\"SearchAction\",\"target\":{\"@type\":\"EntryPoint\",\"urlTemplate\":\"https:\\\/\\\/www.busse-patentanwaelte.de\\\/en\\\/?s={search_term_string}\"},\"query-input\":{\"@type\":\"PropertyValueSpecification\",\"valueRequired\":true,\"valueName\":\"search_term_string\"}}],\"inLanguage\":\"en-US\"},{\"@type\":\"Organization\",\"@id\":\"https:\\\/\\\/www.busse-patentanwaelte.de\\\/en\\\/#organization\",\"name\":\"Busse & Busse Patent- und Rechtsanw\u00e4lte Partnerschaft mbB\",\"url\":\"https:\\\/\\\/www.busse-patentanwaelte.de\\\/en\\\/\",\"logo\":{\"@type\":\"ImageObject\",\"inLanguage\":\"en-US\",\"@id\":\"https:\\\/\\\/www.busse-patentanwaelte.de\\\/en\\\/#\\\/schema\\\/logo\\\/image\\\/\",\"url\":\"https:\\\/\\\/www.busse-patentanwaelte.de\\\/wp-content\\\/uploads\\\/Logo_BusseUndBussetransparent.png\",\"contentUrl\":\"https:\\\/\\\/www.busse-patentanwaelte.de\\\/wp-content\\\/uploads\\\/Logo_BusseUndBussetransparent.png\",\"width\":945,\"height\":201,\"caption\":\"Busse & Busse Patent- und Rechtsanw\u00e4lte Partnerschaft mbB\"},\"image\":{\"@id\":\"https:\\\/\\\/www.busse-patentanwaelte.de\\\/en\\\/#\\\/schema\\\/logo\\\/image\\\/\"}}]}<\/script>\n<!-- \/ Yoast SEO plugin. -->","yoast_head_json":{"title":"Patent Attorney Dr. J\u00f6rg Manske | Busse &amp; Busse Patent- und Rechtsanw\u00e4lte","description":"Dr. J\u00f6rg MAnske has been a partner at the law firm since 2025. He works primarily in mechanical engineering and computer implemented inventions.","robots":{"index":"index","follow":"follow","max-snippet":"max-snippet:-1","max-image-preview":"max-image-preview:large","max-video-preview":"max-video-preview:-1"},"canonical":"https:\/\/www.busse-patentanwaelte.de\/en\/team\/dr-joerg-manske\/","og_locale":"en_US","og_type":"article","og_title":"Patent Attorney Dr. J\u00f6rg Manske | Busse &amp; Busse Patent- und Rechtsanw\u00e4lte","og_description":"Dr. J\u00f6rg MAnske has been a partner at the law firm since 2025. He works primarily in mechanical engineering and computer implemented inventions.","og_url":"https:\/\/www.busse-patentanwaelte.de\/en\/team\/dr-joerg-manske\/","og_site_name":"Busse &amp; Busse Patent- und Rechtsanw\u00e4lte","article_modified_time":"2026-01-28T10:15:30+00:00","twitter_card":"summary_large_image","twitter_misc":{"Est. reading time":"2 minutes"},"schema":{"@context":"https:\/\/schema.org","@graph":[{"@type":"WebPage","@id":"https:\/\/www.busse-patentanwaelte.de\/en\/team\/dr-joerg-manske\/","url":"https:\/\/www.busse-patentanwaelte.de\/en\/team\/dr-joerg-manske\/","name":"Patent Attorney Dr. J\u00f6rg Manske | Busse &amp; Busse Patent- und Rechtsanw\u00e4lte","isPartOf":{"@id":"https:\/\/www.busse-patentanwaelte.de\/en\/#website"},"datePublished":"2025-12-16T10:44:17+00:00","dateModified":"2026-01-28T10:15:30+00:00","description":"Dr. J\u00f6rg MAnske has been a partner at the law firm since 2025. He works primarily in mechanical engineering and computer implemented inventions.","breadcrumb":{"@id":"https:\/\/www.busse-patentanwaelte.de\/en\/team\/dr-joerg-manske\/#breadcrumb"},"inLanguage":"en-US","potentialAction":[{"@type":"ReadAction","target":["https:\/\/www.busse-patentanwaelte.de\/en\/team\/dr-joerg-manske\/"]}]},{"@type":"BreadcrumbList","@id":"https:\/\/www.busse-patentanwaelte.de\/en\/team\/dr-joerg-manske\/#breadcrumb","itemListElement":[{"@type":"ListItem","position":1,"name":"Startseite","item":"https:\/\/www.busse-patentanwaelte.de\/en\/"},{"@type":"ListItem","position":2,"name":"Team","item":"https:\/\/www.busse-patentanwaelte.de\/en\/team\/"},{"@type":"ListItem","position":3,"name":"Dr. J\u00f6rg Manske"}]},{"@type":"WebSite","@id":"https:\/\/www.busse-patentanwaelte.de\/en\/#website","url":"https:\/\/www.busse-patentanwaelte.de\/en\/","name":"Busse & Busse Patent- und Rechtsanw\u00e4lte Partnerschaft mbB","description":"Patent- und Rechtsanw\u00e4lte","publisher":{"@id":"https:\/\/www.busse-patentanwaelte.de\/en\/#organization"},"alternateName":"Busse & Busse Patent- und Rechtsanw\u00e4lte","potentialAction":[{"@type":"SearchAction","target":{"@type":"EntryPoint","urlTemplate":"https:\/\/www.busse-patentanwaelte.de\/en\/?s={search_term_string}"},"query-input":{"@type":"PropertyValueSpecification","valueRequired":true,"valueName":"search_term_string"}}],"inLanguage":"en-US"},{"@type":"Organization","@id":"https:\/\/www.busse-patentanwaelte.de\/en\/#organization","name":"Busse & Busse Patent- und Rechtsanw\u00e4lte Partnerschaft mbB","url":"https:\/\/www.busse-patentanwaelte.de\/en\/","logo":{"@type":"ImageObject","inLanguage":"en-US","@id":"https:\/\/www.busse-patentanwaelte.de\/en\/#\/schema\/logo\/image\/","url":"https:\/\/www.busse-patentanwaelte.de\/wp-content\/uploads\/Logo_BusseUndBussetransparent.png","contentUrl":"https:\/\/www.busse-patentanwaelte.de\/wp-content\/uploads\/Logo_BusseUndBussetransparent.png","width":945,"height":201,"caption":"Busse & Busse Patent- und Rechtsanw\u00e4lte Partnerschaft mbB"},"image":{"@id":"https:\/\/www.busse-patentanwaelte.de\/en\/#\/schema\/logo\/image\/"}}]}},"_links":{"self":[{"href":"https:\/\/www.busse-patentanwaelte.de\/en\/wp-json\/wp\/v2\/pages\/5291","targetHints":{"allow":["GET"]}}],"collection":[{"href":"https:\/\/www.busse-patentanwaelte.de\/en\/wp-json\/wp\/v2\/pages"}],"about":[{"href":"https:\/\/www.busse-patentanwaelte.de\/en\/wp-json\/wp\/v2\/types\/page"}],"author":[{"embeddable":true,"href":"https:\/\/www.busse-patentanwaelte.de\/en\/wp-json\/wp\/v2\/users\/3"}],"replies":[{"embeddable":true,"href":"https:\/\/www.busse-patentanwaelte.de\/en\/wp-json\/wp\/v2\/comments?post=5291"}],"version-history":[{"count":8,"href":"https:\/\/www.busse-patentanwaelte.de\/en\/wp-json\/wp\/v2\/pages\/5291\/revisions"}],"predecessor-version":[{"id":5365,"href":"https:\/\/www.busse-patentanwaelte.de\/en\/wp-json\/wp\/v2\/pages\/5291\/revisions\/5365"}],"up":[{"embeddable":true,"href":"https:\/\/www.busse-patentanwaelte.de\/en\/wp-json\/wp\/v2\/pages\/4462"}],"wp:attachment":[{"href":"https:\/\/www.busse-patentanwaelte.de\/en\/wp-json\/wp\/v2\/media?parent=5291"}],"curies":[{"name":"wp","href":"https:\/\/api.w.org\/{rel}","templated":true}]}}